{"id":342,"date":"2023-04-16T19:59:13","date_gmt":"2023-04-16T18:59:13","guid":{"rendered":"https:\/\/connect-web.eu\/connect2\/?page_id=342"},"modified":"2023-04-24T11:37:10","modified_gmt":"2023-04-24T10:37:10","slug":"politica-de-privacidad","status":"publish","type":"page","link":"https:\/\/connect-web.eu\/connect2\/es\/politica-de-privacidad\/","title":{"rendered":"Pol\u00edtica de privacidad"},"content":{"rendered":"<p>En cumplimiento del art\u00edculo 10 de la Ley 34\/2002, de 11 de julio, de Servicios de la Sociedad de la Informaci\u00f3n y Comercio Electr\u00f3nico, se hacen constar los datos de contacto de la persona responsable del sitio web para el tratamiento de los datos personales de los usuarios del mismo. A ella habr\u00e1 que dirigirse para ejercer los derechos de acceso, rectificaci\u00f3n, cancelaci\u00f3n y oposici\u00f3n.<\/p>\n<p>Nombre: Francesca Tinti<br \/>\nDomicilio: Universidad del Pa\u00eds Vasco<br \/>\nDepartamento de Filolog\u00eda e Historia<br \/>\nPaseo de la Universidad, 5<br \/>\n01006 - Vitoria<br \/>\nCIF: Q-4818001-B<br \/>\nCorreo electr\u00f3nico:\u00a0<a href=\"mailto:francesca.tinti@ehu.eus\" target=\"_blank\" rel=\"noopener\">francesca.tinti@ehu.eus<\/a><br \/>\nNombre de dominio: <a href=\"https:\/\/connect-web.eu\/connect2\/\" target=\"_blank\" rel=\"noopener\">https:\/\/connect-web.eu\/connect2\/<\/a><\/p>\n<p>En cumplimiento del Reglamento (UE) 2016\/679 declaramos que los datos personales facilitados por las personas usuarias del web https:\/\/connect-web.eu\/connect2\/ tienen para nosotros la categor\u00eda de confidenciales y ser\u00e1n incorporados a los ficheros de CONNECT solo para posibilitar el mantenimiento y la atenci\u00f3n de cualquier solicitud o sugerencia remitida, lo que podr\u00eda implicar en ocasiones la comunicaci\u00f3n o cesi\u00f3n de tales datos a terceros, con el fin de llevar a cabo las gestiones solicitadas.<\/p>\n<p>Las personas usuarias declaran acceder al sitio web bajo su propia responsabilidad. CONNECT no se har\u00e1 responsable de los contenidos ni de las opiniones expresadas por las usuarias a trav\u00e9s de nuestras redes sociales ni de otros servicios online complementarios.<\/p>\n<p>CONNECT se reserva el derecho de modificar o alterar las presentes condiciones generales.<\/p>\n<p><strong>SOBRE LAS COOKIES<br \/>\n<\/strong>Utilizamos las <em>cookies<\/em> estrictamente necesarias para ofrecerte la mejor experiencia posible al visitar nuestro sitio web y para obtener datos que nos permitir\u00e1n mejorarlo.<\/p>\n<p>La informaci\u00f3n de las <em>cookies<\/em> se almacena en tu navegador y realiza funciones tales como reconocerte cuando vuelves y ayudar a nuestro equipo a recopilar informaci\u00f3n an\u00f3nima tales como cu\u00e1ntas personas nos visitan peri\u00f3dicamente y qu\u00e9 secciones del mismo encuentran m\u00e1s interesantes y \u00fatiles.<\/p>\n<p>Hay que clicar en Aceptar para que se activen.<\/p>\n<p><strong>\u00a0<\/strong><\/p>\n","protected":false},"excerpt":{"rendered":"<p>En cumplimiento del art\u00edculo 10 de la Ley 34\/2002, de 11 de julio, de Servicios de la Sociedad de la Informaci\u00f3n y Comercio Electr\u00f3nico, se hacen constar los datos de contacto de la persona responsable del sitio web para el tratamiento de los datos personales de los usuarios del mismo&#8230;.<\/p>\n","protected":false},"author":1,"featured_media":0,"parent":0,"menu_order":0,"comment_status":"closed","ping_status":"closed","template":"","meta":{"footnotes":""},"class_list":["post-342","page","type-page","status-publish","hentry"],"acf":[],"_links":{"self":[{"href":"https:\/\/connect-web.eu\/connect2\/wp-json\/wp\/v2\/pages\/342","targetHints":{"allow":["GET"]}}],"collection":[{"href":"https:\/\/connect-web.eu\/connect2\/wp-json\/wp\/v2\/pages"}],"about":[{"href":"https:\/\/connect-web.eu\/connect2\/wp-json\/wp\/v2\/types\/page"}],"author":[{"embeddable":true,"href":"https:\/\/connect-web.eu\/connect2\/wp-json\/wp\/v2\/users\/1"}],"replies":[{"embeddable":true,"href":"https:\/\/connect-web.eu\/connect2\/wp-json\/wp\/v2\/comments?post=342"}],"version-history":[{"count":3,"href":"https:\/\/connect-web.eu\/connect2\/wp-json\/wp\/v2\/pages\/342\/revisions"}],"predecessor-version":[{"id":402,"href":"https:\/\/connect-web.eu\/connect2\/wp-json\/wp\/v2\/pages\/342\/revisions\/402"}],"wp:attachment":[{"href":"https:\/\/connect-web.eu\/connect2\/wp-json\/wp\/v2\/media?parent=342"}],"curies":[{"name":"wp","href":"https:\/\/api.w.org\/{rel}","templated":true}]}}